{"id":479,"date":"2023-08-03T15:30:22","date_gmt":"2023-08-03T13:30:22","guid":{"rendered":"https:\/\/no-war.world\/?page_id=479"},"modified":"2024-12-31T13:27:34","modified_gmt":"2024-12-31T12:27:34","slug":"kontakt","status":"publish","type":"page","link":"https:\/\/no-war.world\/en\/kontakt\/","title":{"rendered":"Kontakt"},"content":{"rendered":"<div data-elementor-type=\"wp-page\" data-elementor-id=\"479\" class=\"elementor elementor-479\">\n\t\t\t\t\t\t<section class=\"elementor-section elementor-top-section elementor-element elementor-element-6cac0d6b elementor-section-boxed elementor-section-height-default elementor-section-height-default elementor-invisible\" data-id=\"6cac0d6b\" data-element_type=\"section\" data-e-type=\"section\" data-settings=\"{&quot;background_background&quot;:&quot;classic&quot;,&quot;animation&quot;:&quot;fadeIn&quot;}\">\n\t\t\t\t\t\t\t<div class=\"elementor-background-overlay\"><\/div>\n\t\t\t\t\t\t\t<div class=\"elementor-container elementor-column-gap-default\">\n\t\t\t\t\t<div class=\"elementor-column elementor-col-100 elementor-top-column elementor-element elementor-element-11d738d1\" data-id=\"11d738d1\" data-element_type=\"column\" data-e-type=\"column\">\n\t\t\t<div class=\"elementor-widget-wrap elementor-element-populated\">\n\t\t\t\t\t\t<section class=\"elementor-section elementor-inner-section elementor-element elementor-element-196afc89 elementor-section-boxed elementor-section-height-default elementor-section-height-default\" data-id=\"196afc89\" data-element_type=\"section\" data-e-type=\"section\">\n\t\t\t\t\t\t<div class=\"elementor-container elementor-column-gap-default\">\n\t\t\t\t\t<div class=\"elementor-column elementor-col-50 elementor-inner-column elementor-element elementor-element-605f0cf4 elementor-invisible\" data-id=\"605f0cf4\" data-element_type=\"column\" data-e-type=\"column\" data-settings=\"{&quot;animation&quot;:&quot;fadeInLeft&quot;,&quot;animation_delay&quot;:400}\">\n\t\t\t<div class=\"elementor-widget-wrap elementor-element-populated\">\n\t\t\t\t\t\t<div class=\"elementor-element elementor-element-9893c9 elementor-invisible elementor-widget elementor-widget-heading\" data-id=\"9893c9\" data-element_type=\"widget\" data-e-type=\"widget\" data-settings=\"{&quot;_animation&quot;:&quot;fadeInUp&quot;,&quot;_animation_delay&quot;:400}\" data-widget_type=\"heading.default\">\n\t\t\t\t<div class=\"elementor-widget-container\">\n\t\t\t\t\t<h2 class=\"elementor-heading-title elementor-size-default\">Contact us<\/h2>\t\t\t\t<\/div>\n\t\t\t\t<\/div>\n\t\t\t\t<div class=\"elementor-element elementor-element-4af0b399 e-grid-align-left e-grid-align-mobile-center elementor-shape-rounded elementor-grid-0 elementor-widget elementor-widget-social-icons\" data-id=\"4af0b399\" data-element_type=\"widget\" data-e-type=\"widget\" data-widget_type=\"social-icons.default\">\n\t\t\t\t<div class=\"elementor-widget-container\">\n\t\t\t\t\t\t\t<div class=\"elementor-social-icons-wrapper elementor-grid\" role=\"list\">\n\t\t\t\t\t\t\t<span class=\"elementor-grid-item\" role=\"listitem\">\n\t\t\t\t\t<a class=\"elementor-icon elementor-social-icon elementor-social-icon-facebook-f elementor-repeater-item-757cc6c\" href=\"https:\/\/www.facebook.com\/NO.WARglobalproject\/\" target=\"_blank\">\n\t\t\t\t\t\t<span class=\"elementor-screen-only\">Facebook-f<\/span>\n\t\t\t\t\t\t<i aria-hidden=\"true\" class=\"fab fa-facebook-f\"><\/i>\t\t\t\t\t<\/a>\n\t\t\t\t<\/span>\n\t\t\t\t\t\t\t<span class=\"elementor-grid-item\" role=\"listitem\">\n\t\t\t\t\t<a class=\"elementor-icon elementor-social-icon elementor-social-icon-instagram elementor-repeater-item-b9261e4\" href=\"https:\/\/www.instagram.com\/no_war_global_project\/\" target=\"_blank\">\n\t\t\t\t\t\t<span class=\"elementor-screen-only\">Instagram<\/span>\n\t\t\t\t\t\t<i aria-hidden=\"true\" class=\"fab fa-instagram\"><\/i>\t\t\t\t\t<\/a>\n\t\t\t\t<\/span>\n\t\t\t\t\t\t\t<span class=\"elementor-grid-item\" role=\"listitem\">\n\t\t\t\t\t<a class=\"elementor-icon elementor-social-icon elementor-social-icon-youtube elementor-repeater-item-28406b0\" href=\"https:\/\/www.youtube.com\/@NoWarGlobalProject\" target=\"_blank\">\n\t\t\t\t\t\t<span class=\"elementor-screen-only\">Youtube<\/span>\n\t\t\t\t\t\t<i aria-hidden=\"true\" class=\"fab fa-youtube\"><\/i>\t\t\t\t\t<\/a>\n\t\t\t\t<\/span>\n\t\t\t\t\t<\/div>\n\t\t\t\t\t\t<\/div>\n\t\t\t\t<\/div>\n\t\t\t\t\t<\/div>\n\t\t<\/div>\n\t\t\t\t<div class=\"elementor-column elementor-col-50 elementor-inner-column elementor-element elementor-element-4260cb07 elementor-invisible\" data-id=\"4260cb07\" data-element_type=\"column\" data-e-type=\"column\" data-settings=\"{&quot;animation&quot;:&quot;fadeInRight&quot;,&quot;background_background&quot;:&quot;classic&quot;}\">\n\t\t\t<div class=\"elementor-widget-wrap elementor-element-populated\">\n\t\t\t\t\t\t<div class=\"elementor-element elementor-element-c19fd33 elementor-widget elementor-widget-text-editor\" data-id=\"c19fd33\" data-element_type=\"widget\" data-e-type=\"widget\" data-widget_type=\"text-editor.default\">\n\t\t\t\t<div class=\"elementor-widget-container\">\n\t\t\t\t\t\t\t\t\t<p><a href=\"mailto:office@no-war.world\">office@no-war.world<\/a><\/p>\t\t\t\t\t\t\t\t<\/div>\n\t\t\t\t<\/div>\n\t\t\t\t\t<\/div>\n\t\t<\/div>\n\t\t\t\t\t<\/div>\n\t\t<\/section>\n\t\t\t\t\t<\/div>\n\t\t<\/div>\n\t\t\t\t\t<\/div>\n\t\t<\/section>\n\t\t\t\t<section class=\"elementor-section elementor-top-section elementor-element elementor-element-aab7821 elementor-section-boxed elementor-section-height-default elementor-section-height-default\" data-id=\"aab7821\" data-element_type=\"section\" data-e-type=\"section\">\n\t\t\t\t\t\t<div class=\"elementor-container elementor-column-gap-default\">\n\t\t\t\t\t<div class=\"elementor-column elementor-col-100 elementor-top-column elementor-element elementor-element-867e228\" data-id=\"867e228\" data-element_type=\"column\" data-e-type=\"column\">\n\t\t\t<div class=\"elementor-widget-wrap\">\n\t\t\t\t\t\t\t<\/div>\n\t\t<\/div>\n\t\t\t\t\t<\/div>\n\t\t<\/section>\n\t\t\t\t<section class=\"elementor-section elementor-top-section elementor-element elementor-element-b955c10 elementor-section-boxed elementor-section-height-default elementor-section-height-default\" data-id=\"b955c10\" data-element_type=\"section\" data-e-type=\"section\">\n\t\t\t\t\t\t<div class=\"elementor-container elementor-column-gap-default\">\n\t\t\t\t\t<div class=\"elementor-column elementor-col-50 elementor-top-column elementor-element elementor-element-ffcfa54\" data-id=\"ffcfa54\" data-element_type=\"column\" data-e-type=\"column\">\n\t\t\t<div class=\"elementor-widget-wrap elementor-element-populated\">\n\t\t\t\t\t\t<div class=\"elementor-element elementor-element-764a406 elementor-widget elementor-widget-text-editor\" data-id=\"764a406\" data-element_type=\"widget\" data-e-type=\"widget\" data-widget_type=\"text-editor.default\">\n\t\t\t\t<div class=\"elementor-widget-container\">\n\t\t\t\t\t\t\t\t\t<p><a href=\"https:\/\/outof.press\/\">Our project OUT of<\/a><\/p>\t\t\t\t\t\t\t\t<\/div>\n\t\t\t\t<\/div>\n\t\t\t\t<div class=\"elementor-element elementor-element-581f2da elementor-widget elementor-widget-image\" data-id=\"581f2da\" data-element_type=\"widget\" data-e-type=\"widget\" data-widget_type=\"image.default\">\n\t\t\t\t<div class=\"elementor-widget-container\">\n\t\t\t\t\t\t\t\t\t\t\t\t\t\t\t<img decoding=\"async\" src=\"https:\/\/no-war.world\/wp-content\/uploads\/2023\/08\/OUT-Of-400.png\" title=\"OUT Of 400\" alt=\"OUT Of 400\" loading=\"lazy\" \/>\t\t\t\t\t\t\t\t\t\t\t\t\t\t\t<\/div>\n\t\t\t\t<\/div>\n\t\t\t\t\t<\/div>\n\t\t<\/div>\n\t\t\t\t<div class=\"elementor-column elementor-col-50 elementor-top-column elementor-element elementor-element-cc7e6bc\" data-id=\"cc7e6bc\" data-element_type=\"column\" data-e-type=\"column\">\n\t\t\t<div class=\"elementor-widget-wrap elementor-element-populated\">\n\t\t\t\t\t\t<div class=\"elementor-element elementor-element-377bc54 elementor-widget elementor-widget-text-editor\" data-id=\"377bc54\" data-element_type=\"widget\" data-e-type=\"widget\" data-widget_type=\"text-editor.default\">\n\t\t\t\t<div class=\"elementor-widget-container\">\n\t\t\t\t\t\t\t\t\t<p>OUT of is an open medium.<br \/>Open to any topic, even the most concealed by others.<br \/>Open to any view that can't break through elsewhere and has a chance to bring something new to the social debate.<br \/>Open to anyone who has something to say and can't count on a mainstream media presence.<br \/>OPENness - this is the trademark of the medium, of which you too can be an editor.<br \/><strong>OUT of<\/strong><\/p>\t\t\t\t\t\t\t\t<\/div>\n\t\t\t\t<\/div>\n\t\t\t\t\t<\/div>\n\t\t<\/div>\n\t\t\t\t\t<\/div>\n\t\t<\/section>\n\t\t\t\t<\/div>","protected":false},"excerpt":{"rendered":"<p>Skontaktuj si\u0119 z nami Facebook-f Instagram Youtube office@no-war.world Nasz projekt OUT of OUT of to medium otwarte.Otwarte na ka\u017cdy, nawet najbardziej ukrywany przez innych temat.Otwarte na ka\u017cdy pogl\u0105d, kt\u00f3ry nie mo\u017ce przebi\u0107 si\u0119 gdzie indziej, a ma szanse wnie\u015b\u0107 co\u015b nowego w spo\u0142ecznej debacie.Otwarte dla ka\u017cdego, kto ma co\u015b do powiedzenia i nie mo\u017ce liczy\u0107&#8230;<\/p>","protected":false},"author":1,"featured_media":0,"parent":0,"menu_order":0,"comment_status":"closed","ping_status":"closed","template":"","meta":{"_kadence_starter_templates_imported_post":false,"_kad_post_transparent":"","_kad_post_title":"hide","_kad_post_layout":"fullwidth","_kad_post_sidebar_id":"","_kad_post_content_style":"unboxed","_kad_post_vertical_padding":"hide","_kad_post_feature":"hide","_kad_post_feature_position":"","_kad_post_header":false,"_kad_post_footer":false,"footnotes":""},"class_list":["post-479","page","type-page","status-publish","hentry"],"yoast_head":"<!-- This site is optimized with the Yoast SEO plugin v27.4 - https:\/\/yoast.com\/product\/yoast-seo-wordpress\/ -->\n<title>Kontakt - NO WAR global project<\/title>\n<meta name=\"description\" content=\"Skontaktuj si\u0119 z nami, aby dowiedzie\u0107 si\u0119 wi\u0119cej o inicjatywie No War. Znajdziesz tu nasze dane kontaktowe oraz formularz, dzi\u0119ki kt\u00f3remu mo\u017cesz nawi\u0105za\u0107 z nami wsp\u00f3\u0142prac\u0119 lub zada\u0107 pytania. Do\u0142\u0105cz do walki o pok\u00f3j!\" \/>\n<meta name=\"robots\" content=\"index, follow, max-snippet:-1, max-image-preview:large, max-video-preview:-1\" \/>\n<link rel=\"canonical\" href=\"https:\/\/no-war.world\/en\/kontakt\/\" \/>\n<meta property=\"og:locale\" content=\"en_US\" \/>\n<meta property=\"og:type\" content=\"article\" \/>\n<meta property=\"og:title\" content=\"Kontakt - NO WAR global project\" \/>\n<meta property=\"og:description\" content=\"Skontaktuj si\u0119 z nami, aby dowiedzie\u0107 si\u0119 wi\u0119cej o inicjatywie No War. Znajdziesz tu nasze dane kontaktowe oraz formularz, dzi\u0119ki kt\u00f3remu mo\u017cesz nawi\u0105za\u0107 z nami wsp\u00f3\u0142prac\u0119 lub zada\u0107 pytania. Do\u0142\u0105cz do walki o pok\u00f3j!\" \/>\n<meta property=\"og:url\" content=\"https:\/\/no-war.world\/en\/kontakt\/\" \/>\n<meta property=\"og:site_name\" content=\"NO WAR global project\" \/>\n<meta property=\"article:publisher\" content=\"https:\/\/www.facebook.com\/NO.WARglobalproject\/\" \/>\n<meta property=\"article:modified_time\" content=\"2024-12-31T12:27:34+00:00\" \/>\n<meta property=\"og:image\" content=\"https:\/\/no-war.world\/wp-content\/uploads\/2023\/08\/OUT-Of-400.png\" \/>\n<meta name=\"twitter:card\" content=\"summary_large_image\" \/>\n<meta name=\"twitter:label1\" content=\"Est. reading time\" \/>\n\t<meta name=\"twitter:data1\" content=\"1 minute\" \/>\n<script type=\"application\/ld+json\" class=\"yoast-schema-graph\">{\"@context\":\"https:\\\/\\\/schema.org\",\"@graph\":[{\"@type\":\"WebPage\",\"@id\":\"https:\\\/\\\/no-war.world\\\/kontakt\\\/\",\"url\":\"https:\\\/\\\/no-war.world\\\/kontakt\\\/\",\"name\":\"Kontakt - NO WAR global project\",\"isPartOf\":{\"@id\":\"https:\\\/\\\/no-war.world\\\/#website\"},\"primaryImageOfPage\":{\"@id\":\"https:\\\/\\\/no-war.world\\\/kontakt\\\/#primaryimage\"},\"image\":{\"@id\":\"https:\\\/\\\/no-war.world\\\/kontakt\\\/#primaryimage\"},\"thumbnailUrl\":\"https:\\\/\\\/no-war.world\\\/wp-content\\\/uploads\\\/2023\\\/08\\\/OUT-Of-400.png\",\"datePublished\":\"2023-08-03T13:30:22+00:00\",\"dateModified\":\"2024-12-31T12:27:34+00:00\",\"description\":\"Skontaktuj si\u0119 z nami, aby dowiedzie\u0107 si\u0119 wi\u0119cej o inicjatywie No War. Znajdziesz tu nasze dane kontaktowe oraz formularz, dzi\u0119ki kt\u00f3remu mo\u017cesz nawi\u0105za\u0107 z nami wsp\u00f3\u0142prac\u0119 lub zada\u0107 pytania. Do\u0142\u0105cz do walki o pok\u00f3j!\",\"breadcrumb\":{\"@id\":\"https:\\\/\\\/no-war.world\\\/kontakt\\\/#breadcrumb\"},\"inLanguage\":\"en-US\",\"potentialAction\":[{\"@type\":\"ReadAction\",\"target\":[\"https:\\\/\\\/no-war.world\\\/kontakt\\\/\"]}]},{\"@type\":\"ImageObject\",\"inLanguage\":\"en-US\",\"@id\":\"https:\\\/\\\/no-war.world\\\/kontakt\\\/#primaryimage\",\"url\":\"https:\\\/\\\/no-war.world\\\/wp-content\\\/uploads\\\/2023\\\/08\\\/OUT-Of-400.png\",\"contentUrl\":\"https:\\\/\\\/no-war.world\\\/wp-content\\\/uploads\\\/2023\\\/08\\\/OUT-Of-400.png\"},{\"@type\":\"BreadcrumbList\",\"@id\":\"https:\\\/\\\/no-war.world\\\/kontakt\\\/#breadcrumb\",\"itemListElement\":[{\"@type\":\"ListItem\",\"position\":1,\"name\":\"Home\",\"item\":\"https:\\\/\\\/no-war.world\\\/\"},{\"@type\":\"ListItem\",\"position\":2,\"name\":\"Kontakt\"}]},{\"@type\":\"WebSite\",\"@id\":\"https:\\\/\\\/no-war.world\\\/#website\",\"url\":\"https:\\\/\\\/no-war.world\\\/\",\"name\":\"NO WAR global project\",\"description\":\"NO WAR global project\",\"publisher\":{\"@id\":\"https:\\\/\\\/no-war.world\\\/#organization\"},\"potentialAction\":[{\"@type\":\"SearchAction\",\"target\":{\"@type\":\"EntryPoint\",\"urlTemplate\":\"https:\\\/\\\/no-war.world\\\/?s={search_term_string}\"},\"query-input\":{\"@type\":\"PropertyValueSpecification\",\"valueRequired\":true,\"valueName\":\"search_term_string\"}}],\"inLanguage\":\"en-US\"},{\"@type\":\"Organization\",\"@id\":\"https:\\\/\\\/no-war.world\\\/#organization\",\"name\":\"NO WAR global project\",\"url\":\"https:\\\/\\\/no-war.world\\\/\",\"logo\":{\"@type\":\"ImageObject\",\"inLanguage\":\"en-US\",\"@id\":\"https:\\\/\\\/no-war.world\\\/#\\\/schema\\\/logo\\\/image\\\/\",\"url\":\"https:\\\/\\\/no-war.world\\\/wp-content\\\/uploads\\\/2023\\\/07\\\/cropped-NO-WAR_kolor-1.png\",\"contentUrl\":\"https:\\\/\\\/no-war.world\\\/wp-content\\\/uploads\\\/2023\\\/07\\\/cropped-NO-WAR_kolor-1.png\",\"width\":659,\"height\":183,\"caption\":\"NO WAR global project\"},\"image\":{\"@id\":\"https:\\\/\\\/no-war.world\\\/#\\\/schema\\\/logo\\\/image\\\/\"},\"sameAs\":[\"https:\\\/\\\/www.facebook.com\\\/NO.WARglobalproject\\\/\"]}]}<\/script>\n<!-- \/ Yoast SEO plugin. -->","yoast_head_json":{"title":"Kontakt - NO WAR global project","description":"Skontaktuj si\u0119 z nami, aby dowiedzie\u0107 si\u0119 wi\u0119cej o inicjatywie No War. Znajdziesz tu nasze dane kontaktowe oraz formularz, dzi\u0119ki kt\u00f3remu mo\u017cesz nawi\u0105za\u0107 z nami wsp\u00f3\u0142prac\u0119 lub zada\u0107 pytania. Do\u0142\u0105cz do walki o pok\u00f3j!","robots":{"index":"index","follow":"follow","max-snippet":"max-snippet:-1","max-image-preview":"max-image-preview:large","max-video-preview":"max-video-preview:-1"},"canonical":"https:\/\/no-war.world\/en\/kontakt\/","og_locale":"en_US","og_type":"article","og_title":"Kontakt - NO WAR global project","og_description":"Skontaktuj si\u0119 z nami, aby dowiedzie\u0107 si\u0119 wi\u0119cej o inicjatywie No War. Znajdziesz tu nasze dane kontaktowe oraz formularz, dzi\u0119ki kt\u00f3remu mo\u017cesz nawi\u0105za\u0107 z nami wsp\u00f3\u0142prac\u0119 lub zada\u0107 pytania. Do\u0142\u0105cz do walki o pok\u00f3j!","og_url":"https:\/\/no-war.world\/en\/kontakt\/","og_site_name":"NO WAR global project","article_publisher":"https:\/\/www.facebook.com\/NO.WARglobalproject\/","article_modified_time":"2024-12-31T12:27:34+00:00","og_image":[{"url":"https:\/\/no-war.world\/wp-content\/uploads\/2023\/08\/OUT-Of-400.png","type":"","width":"","height":""}],"twitter_card":"summary_large_image","twitter_misc":{"Est. reading time":"1 minute"},"schema":{"@context":"https:\/\/schema.org","@graph":[{"@type":"WebPage","@id":"https:\/\/no-war.world\/kontakt\/","url":"https:\/\/no-war.world\/kontakt\/","name":"Kontakt - NO WAR global project","isPartOf":{"@id":"https:\/\/no-war.world\/#website"},"primaryImageOfPage":{"@id":"https:\/\/no-war.world\/kontakt\/#primaryimage"},"image":{"@id":"https:\/\/no-war.world\/kontakt\/#primaryimage"},"thumbnailUrl":"https:\/\/no-war.world\/wp-content\/uploads\/2023\/08\/OUT-Of-400.png","datePublished":"2023-08-03T13:30:22+00:00","dateModified":"2024-12-31T12:27:34+00:00","description":"Skontaktuj si\u0119 z nami, aby dowiedzie\u0107 si\u0119 wi\u0119cej o inicjatywie No War. Znajdziesz tu nasze dane kontaktowe oraz formularz, dzi\u0119ki kt\u00f3remu mo\u017cesz nawi\u0105za\u0107 z nami wsp\u00f3\u0142prac\u0119 lub zada\u0107 pytania. Do\u0142\u0105cz do walki o pok\u00f3j!","breadcrumb":{"@id":"https:\/\/no-war.world\/kontakt\/#breadcrumb"},"inLanguage":"en-US","potentialAction":[{"@type":"ReadAction","target":["https:\/\/no-war.world\/kontakt\/"]}]},{"@type":"ImageObject","inLanguage":"en-US","@id":"https:\/\/no-war.world\/kontakt\/#primaryimage","url":"https:\/\/no-war.world\/wp-content\/uploads\/2023\/08\/OUT-Of-400.png","contentUrl":"https:\/\/no-war.world\/wp-content\/uploads\/2023\/08\/OUT-Of-400.png"},{"@type":"BreadcrumbList","@id":"https:\/\/no-war.world\/kontakt\/#breadcrumb","itemListElement":[{"@type":"ListItem","position":1,"name":"Home","item":"https:\/\/no-war.world\/"},{"@type":"ListItem","position":2,"name":"Kontakt"}]},{"@type":"WebSite","@id":"https:\/\/no-war.world\/#website","url":"https:\/\/no-war.world\/","name":"NO WAR global project","description":"NO WAR global project","publisher":{"@id":"https:\/\/no-war.world\/#organization"},"potentialAction":[{"@type":"SearchAction","target":{"@type":"EntryPoint","urlTemplate":"https:\/\/no-war.world\/?s={search_term_string}"},"query-input":{"@type":"PropertyValueSpecification","valueRequired":true,"valueName":"search_term_string"}}],"inLanguage":"en-US"},{"@type":"Organization","@id":"https:\/\/no-war.world\/#organization","name":"NO WAR global project","url":"https:\/\/no-war.world\/","logo":{"@type":"ImageObject","inLanguage":"en-US","@id":"https:\/\/no-war.world\/#\/schema\/logo\/image\/","url":"https:\/\/no-war.world\/wp-content\/uploads\/2023\/07\/cropped-NO-WAR_kolor-1.png","contentUrl":"https:\/\/no-war.world\/wp-content\/uploads\/2023\/07\/cropped-NO-WAR_kolor-1.png","width":659,"height":183,"caption":"NO WAR global project"},"image":{"@id":"https:\/\/no-war.world\/#\/schema\/logo\/image\/"},"sameAs":["https:\/\/www.facebook.com\/NO.WARglobalproject\/"]}]}},"_links":{"self":[{"href":"https:\/\/no-war.world\/en\/wp-json\/wp\/v2\/pages\/479","targetHints":{"allow":["GET"]}}],"collection":[{"href":"https:\/\/no-war.world\/en\/wp-json\/wp\/v2\/pages"}],"about":[{"href":"https:\/\/no-war.world\/en\/wp-json\/wp\/v2\/types\/page"}],"author":[{"embeddable":true,"href":"https:\/\/no-war.world\/en\/wp-json\/wp\/v2\/users\/1"}],"replies":[{"embeddable":true,"href":"https:\/\/no-war.world\/en\/wp-json\/wp\/v2\/comments?post=479"}],"version-history":[{"count":43,"href":"https:\/\/no-war.world\/en\/wp-json\/wp\/v2\/pages\/479\/revisions"}],"predecessor-version":[{"id":963,"href":"https:\/\/no-war.world\/en\/wp-json\/wp\/v2\/pages\/479\/revisions\/963"}],"wp:attachment":[{"href":"https:\/\/no-war.world\/en\/wp-json\/wp\/v2\/media?parent=479"}],"curies":[{"name":"wp","href":"https:\/\/api.w.org\/{rel}","templated":true}]}}